{"id":194,"date":"2025-01-30T23:28:23","date_gmt":"2025-01-30T23:28:23","guid":{"rendered":"https:\/\/monteiroferraresi.adv.br\/?page_id=194"},"modified":"2025-06-04T18:42:59","modified_gmt":"2025-06-04T18:42:59","slug":"blog","status":"publish","type":"page","link":"https:\/\/monteiroferraresi.adv.br\/?page_id=194","title":{"rendered":"Blog do MF"},"content":{"rendered":"\t\t<div data-elementor-type=\"wp-page\" data-elementor-id=\"194\" class=\"elementor elementor-194\" data-elementor-post-type=\"page\">\n\t\t\t\t\t\t<section class=\"elementor-section elementor-top-section elementor-element elementor-element-4fd3efb6 elementor-section-height-min-height elementor-section-boxed elementor-section-height-default elementor-section-items-middle\" data-id=\"4fd3efb6\" data-element_type=\"section\" data-e-type=\"section\" data-settings=\"{&quot;background_background&quot;:&quot;classic&quot;}\">\n\t\t\t\t\t\t\t<div class=\"elementor-background-overlay\"><\/div>\n\t\t\t\t\t\t\t<div class=\"elementor-container elementor-column-gap-no\">\n\t\t\t\t\t<div class=\"elementor-column elementor-col-100 elementor-top-column elementor-element elementor-element-b79b040\" data-id=\"b79b040\" data-element_type=\"column\" data-e-type=\"column\" data-settings=\"{&quot;background_background&quot;:&quot;classic&quot;}\">\n\t\t\t<div class=\"elementor-widget-wrap elementor-element-populated\">\n\t\t\t\t\t\t\t<\/div>\n\t\t<\/div>\n\t\t\t\t\t<\/div>\n\t\t<\/section>\n\t\t\t\t<section class=\"elementor-section elementor-top-section elementor-element elementor-element-4c8ff1b6 elementor-section-boxed elementor-section-height-default elementor-section-height-default\" data-id=\"4c8ff1b6\" data-element_type=\"section\" data-e-type=\"section\">\n\t\t\t\t\t\t<div class=\"elementor-container elementor-column-gap-default\">\n\t\t\t\t\t<div class=\"elementor-column elementor-col-100 elementor-top-column elementor-element elementor-element-2b43d2f9\" data-id=\"2b43d2f9\" data-element_type=\"column\" data-e-type=\"column\">\n\t\t\t<div class=\"elementor-widget-wrap elementor-element-populated\">\n\t\t\t\t\t\t<div class=\"elementor-element elementor-element-139411db elementor-widget elementor-widget-elementskit-heading\" data-id=\"139411db\" data-element_type=\"widget\" data-e-type=\"widget\" data-widget_type=\"elementskit-heading.default\">\n\t\t\t\t<div class=\"elementor-widget-container\">\n\t\t\t\t\t<div class=\"ekit-wid-con\" ><div class=\"ekit-heading elementskit-section-title-wraper text_center   ekit_heading_tablet-   ekit_heading_mobile-\"><div class=\"elementskit-section-subtitle  elementskit-style-border\">\n\t\t\t\t\t\tCASOS &amp; Artigos\n\t\t\t\t\t<\/div><\/div><\/div>\t\t\t\t<\/div>\n\t\t\t\t<\/div>\n\t\t\t\t\t<\/div>\n\t\t<\/div>\n\t\t\t\t\t<\/div>\n\t\t<\/section>\n\t\t\t\t<section class=\"elementor-section elementor-top-section elementor-element elementor-element-5972862b elementor-section-boxed elementor-section-height-default elementor-section-height-default\" data-id=\"5972862b\" data-element_type=\"section\" data-e-type=\"section\">\n\t\t\t\t\t\t<div class=\"elementor-container elementor-column-gap-default\">\n\t\t\t\t\t<div class=\"elementor-column elementor-col-100 elementor-top-column elementor-element elementor-element-2d5bb718\" data-id=\"2d5bb718\" data-element_type=\"column\" data-e-type=\"column\">\n\t\t\t<div class=\"elementor-widget-wrap\">\n\t\t\t\t\t\t\t<\/div>\n\t\t<\/div>\n\t\t\t\t\t<\/div>\n\t\t<\/section>\n\t\t\t\t<\/div>\n\t\t","protected":false},"excerpt":{"rendered":"<p>CASOS &amp; Artigos Direito Empresarial: Proteja e Expanda Seu Neg\u00f3cio com Seguran\u00e7a Jur\u00eddica Direito Empresarial: Proteja e Expanda Seu Neg\u00f3cio com Seguran\u00e7a Jur\u00eddica \u2022 31\/01\/2025 O direito empresarial \u00e9 essencial para a seguran\u00e7a e o crescimento sustent\u00e1vel de qualquer Ler Completo Tributa\u00e7\u00e3o de ICMS na Comercializa\u00e7\u00e3o e Distribui\u00e7\u00e3o de Combust\u00edveis Tributa\u00e7\u00e3o de ICMS na Comercializa\u00e7\u00e3o [&hellip;]<\/p>\n","protected":false},"author":1,"featured_media":0,"parent":0,"menu_order":0,"comment_status":"closed","ping_status":"closed","template":"","meta":{"footnotes":""},"class_list":["post-194","page","type-page","status-publish","hentry"],"_links":{"self":[{"href":"https:\/\/monteiroferraresi.adv.br\/index.php?rest_route=\/wp\/v2\/pages\/194","targetHints":{"allow":["GET"]}}],"collection":[{"href":"https:\/\/monteiroferraresi.adv.br\/index.php?rest_route=\/wp\/v2\/pages"}],"about":[{"href":"https:\/\/monteiroferraresi.adv.br\/index.php?rest_route=\/wp\/v2\/types\/page"}],"author":[{"embeddable":true,"href":"https:\/\/monteiroferraresi.adv.br\/index.php?rest_route=\/wp\/v2\/users\/1"}],"replies":[{"embeddable":true,"href":"https:\/\/monteiroferraresi.adv.br\/index.php?rest_route=%2Fwp%2Fv2%2Fcomments&post=194"}],"version-history":[{"count":24,"href":"https:\/\/monteiroferraresi.adv.br\/index.php?rest_route=\/wp\/v2\/pages\/194\/revisions"}],"predecessor-version":[{"id":512,"href":"https:\/\/monteiroferraresi.adv.br\/index.php?rest_route=\/wp\/v2\/pages\/194\/revisions\/512"}],"wp:attachment":[{"href":"https:\/\/monteiroferraresi.adv.br\/index.php?rest_route=%2Fwp%2Fv2%2Fmedia&parent=194"}],"curies":[{"name":"wp","href":"https:\/\/api.w.org\/{rel}","templated":true}]}}